{"id":7437,"date":"2024-07-02T16:01:57","date_gmt":"2024-07-02T15:01:57","guid":{"rendered":"https:\/\/tourrel-joaillier.quatrys.fr\/?post_type=product&#038;p=7437"},"modified":"2025-08-08T16:52:12","modified_gmt":"2025-08-08T15:52:12","slug":"bague-de-fiancailles-saphir-pompadour-ronde","status":"publish","type":"product","link":"https:\/\/tourrel-joaillier.fr\/en\/produit\/bague-de-fiancailles-saphir-pompadour-ronde\/","title":{"rendered":"Bague de fian\u00e7ailles &#8211; Saphir &#8211; Pompadour Ronde"},"content":{"rendered":"<p>Bague saphir , diamants : mod\u00e8le Pompadour . R\u00e9f 1487<\/p>\n<p>Bicolore dessus or gris , corps or jaune, Saphir de Ceylan entourage diamants<\/p>\n<p>&nbsp;<\/p>\n","protected":false},"excerpt":{"rendered":"<p>Bague de fian\u00e7ailles mod\u00e8le pompadour .<\/p>\n<p>Saphir et diamants<\/p>\n","protected":false},"featured_media":7432,"comment_status":"open","ping_status":"closed","template":"","meta":[],"product_brand":[],"product_cat":[124,111],"product_tag":[],"class_list":{"0":"post-7437","1":"product","2":"type-product","3":"status-publish","4":"has-post-thumbnail","6":"product_cat-bagues-fiancailles","7":"product_cat-mariage","9":"first","10":"instock","11":"taxable","12":"shipping-taxable","13":"purchasable","14":"product-type-simple"},"yoast_head":"<!-- This site is optimized with the Yoast SEO plugin v27.4 - https:\/\/yoast.com\/product\/yoast-seo-wordpress\/ -->\n<title>Bague de fian\u00e7ailles - Saphir - Pompadour Ronde | Tourrel Joaillier<\/title>\n<meta name=\"robots\" content=\"index, follow, max-snippet:-1, max-image-preview:large, max-video-preview:-1\" \/>\n<link rel=\"canonical\" href=\"https:\/\/tourrel-joaillier.fr\/en\/produit\/bague-de-fiancailles-saphir-pompadour-ronde\/\" \/>\n<meta property=\"og:locale\" content=\"en_US\" \/>\n<meta property=\"og:type\" content=\"article\" \/>\n<meta property=\"og:title\" content=\"Bague de fian\u00e7ailles - Saphir - Pompadour Ronde | Tourrel Joaillier\" \/>\n<meta property=\"og:description\" content=\"Bague de fian\u00e7ailles mod\u00e8le pompadour .  Saphir et diamants\" \/>\n<meta property=\"og:url\" content=\"https:\/\/tourrel-joaillier.fr\/en\/produit\/bague-de-fiancailles-saphir-pompadour-ronde\/\" \/>\n<meta property=\"og:site_name\" content=\"Tourrel Joaillier\" \/>\n<meta property=\"article:modified_time\" content=\"2025-08-08T15:52:12+00:00\" \/>\n<meta property=\"og:image\" content=\"https:\/\/tourrel-joaillier.fr\/wp-content\/uploads\/2024\/07\/IMG_3144-2.jpeg\" \/>\n\t<meta property=\"og:image:width\" content=\"1916\" \/>\n\t<meta property=\"og:image:height\" content=\"1984\" \/>\n\t<meta property=\"og:image:type\" content=\"image\/jpeg\" \/>\n<meta name=\"twitter:card\" content=\"summary_large_image\" \/>\n<meta name=\"twitter:label1\" content=\"Est. reading time\" \/>\n\t<meta name=\"twitter:data1\" content=\"1 minute\" \/>\n<script type=\"application\/ld+json\" class=\"yoast-schema-graph\">{\"@context\":\"https:\\\/\\\/schema.org\",\"@graph\":[{\"@type\":\"WebPage\",\"@id\":\"https:\\\/\\\/tourrel-joaillier.fr\\\/en\\\/produit\\\/bague-de-fiancailles-saphir-pompadour-ronde\\\/\",\"url\":\"https:\\\/\\\/tourrel-joaillier.fr\\\/en\\\/produit\\\/bague-de-fiancailles-saphir-pompadour-ronde\\\/\",\"name\":\"Bague de fian\u00e7ailles - Saphir - Pompadour Ronde | Tourrel Joaillier\",\"isPartOf\":{\"@id\":\"https:\\\/\\\/tourrel-joaillier.fr\\\/en\\\/#website\"},\"primaryImageOfPage\":{\"@id\":\"https:\\\/\\\/tourrel-joaillier.fr\\\/en\\\/produit\\\/bague-de-fiancailles-saphir-pompadour-ronde\\\/#primaryimage\"},\"image\":{\"@id\":\"https:\\\/\\\/tourrel-joaillier.fr\\\/en\\\/produit\\\/bague-de-fiancailles-saphir-pompadour-ronde\\\/#primaryimage\"},\"thumbnailUrl\":\"https:\\\/\\\/tourrel-joaillier.fr\\\/wp-content\\\/uploads\\\/2024\\\/07\\\/IMG_3144-2.jpeg\",\"datePublished\":\"2024-07-02T15:01:57+00:00\",\"dateModified\":\"2025-08-08T15:52:12+00:00\",\"breadcrumb\":{\"@id\":\"https:\\\/\\\/tourrel-joaillier.fr\\\/en\\\/produit\\\/bague-de-fiancailles-saphir-pompadour-ronde\\\/#breadcrumb\"},\"inLanguage\":\"en-US\",\"potentialAction\":[{\"@type\":\"ReadAction\",\"target\":[\"https:\\\/\\\/tourrel-joaillier.fr\\\/en\\\/produit\\\/bague-de-fiancailles-saphir-pompadour-ronde\\\/\"]}]},{\"@type\":\"ImageObject\",\"inLanguage\":\"en-US\",\"@id\":\"https:\\\/\\\/tourrel-joaillier.fr\\\/en\\\/produit\\\/bague-de-fiancailles-saphir-pompadour-ronde\\\/#primaryimage\",\"url\":\"https:\\\/\\\/tourrel-joaillier.fr\\\/wp-content\\\/uploads\\\/2024\\\/07\\\/IMG_3144-2.jpeg\",\"contentUrl\":\"https:\\\/\\\/tourrel-joaillier.fr\\\/wp-content\\\/uploads\\\/2024\\\/07\\\/IMG_3144-2.jpeg\",\"width\":1916,\"height\":1984,\"caption\":\"Stacked from 5 images. Method=B (R=8,S=4)\"},{\"@type\":\"BreadcrumbList\",\"@id\":\"https:\\\/\\\/tourrel-joaillier.fr\\\/en\\\/produit\\\/bague-de-fiancailles-saphir-pompadour-ronde\\\/#breadcrumb\",\"itemListElement\":[{\"@type\":\"ListItem\",\"position\":1,\"name\":\"Accueil\",\"item\":\"https:\\\/\\\/tourrel-joaillier.fr\\\/en\\\/\"},{\"@type\":\"ListItem\",\"position\":2,\"name\":\"Shop\",\"item\":\"https:\\\/\\\/tourrel-joaillier.fr\\\/en\\\/shop-2\\\/\"},{\"@type\":\"ListItem\",\"position\":3,\"name\":\"Bague de fian\u00e7ailles &#8211; Saphir &#8211; Pompadour Ronde\"}]},{\"@type\":\"WebSite\",\"@id\":\"https:\\\/\\\/tourrel-joaillier.fr\\\/en\\\/#website\",\"url\":\"https:\\\/\\\/tourrel-joaillier.fr\\\/en\\\/\",\"name\":\"Tourrel Joaillier\",\"description\":\"\",\"potentialAction\":[{\"@type\":\"SearchAction\",\"target\":{\"@type\":\"EntryPoint\",\"urlTemplate\":\"https:\\\/\\\/tourrel-joaillier.fr\\\/en\\\/?s={search_term_string}\"},\"query-input\":{\"@type\":\"PropertyValueSpecification\",\"valueRequired\":true,\"valueName\":\"search_term_string\"}}],\"inLanguage\":\"en-US\"}]}<\/script>\n<!-- \/ Yoast SEO plugin. -->","yoast_head_json":{"title":"Bague de fian\u00e7ailles - Saphir - Pompadour Ronde | Tourrel Joaillier","robots":{"index":"index","follow":"follow","max-snippet":"max-snippet:-1","max-image-preview":"max-image-preview:large","max-video-preview":"max-video-preview:-1"},"canonical":"https:\/\/tourrel-joaillier.fr\/en\/produit\/bague-de-fiancailles-saphir-pompadour-ronde\/","og_locale":"en_US","og_type":"article","og_title":"Bague de fian\u00e7ailles - Saphir - Pompadour Ronde | Tourrel Joaillier","og_description":"Bague de fian\u00e7ailles mod\u00e8le pompadour .  Saphir et diamants","og_url":"https:\/\/tourrel-joaillier.fr\/en\/produit\/bague-de-fiancailles-saphir-pompadour-ronde\/","og_site_name":"Tourrel Joaillier","article_modified_time":"2025-08-08T15:52:12+00:00","og_image":[{"width":1916,"height":1984,"url":"https:\/\/tourrel-joaillier.fr\/wp-content\/uploads\/2024\/07\/IMG_3144-2.jpeg","type":"image\/jpeg"}],"twitter_card":"summary_large_image","twitter_misc":{"Est. reading time":"1 minute"},"schema":{"@context":"https:\/\/schema.org","@graph":[{"@type":"WebPage","@id":"https:\/\/tourrel-joaillier.fr\/en\/produit\/bague-de-fiancailles-saphir-pompadour-ronde\/","url":"https:\/\/tourrel-joaillier.fr\/en\/produit\/bague-de-fiancailles-saphir-pompadour-ronde\/","name":"Bague de fian\u00e7ailles - Saphir - Pompadour Ronde | Tourrel Joaillier","isPartOf":{"@id":"https:\/\/tourrel-joaillier.fr\/en\/#website"},"primaryImageOfPage":{"@id":"https:\/\/tourrel-joaillier.fr\/en\/produit\/bague-de-fiancailles-saphir-pompadour-ronde\/#primaryimage"},"image":{"@id":"https:\/\/tourrel-joaillier.fr\/en\/produit\/bague-de-fiancailles-saphir-pompadour-ronde\/#primaryimage"},"thumbnailUrl":"https:\/\/tourrel-joaillier.fr\/wp-content\/uploads\/2024\/07\/IMG_3144-2.jpeg","datePublished":"2024-07-02T15:01:57+00:00","dateModified":"2025-08-08T15:52:12+00:00","breadcrumb":{"@id":"https:\/\/tourrel-joaillier.fr\/en\/produit\/bague-de-fiancailles-saphir-pompadour-ronde\/#breadcrumb"},"inLanguage":"en-US","potentialAction":[{"@type":"ReadAction","target":["https:\/\/tourrel-joaillier.fr\/en\/produit\/bague-de-fiancailles-saphir-pompadour-ronde\/"]}]},{"@type":"ImageObject","inLanguage":"en-US","@id":"https:\/\/tourrel-joaillier.fr\/en\/produit\/bague-de-fiancailles-saphir-pompadour-ronde\/#primaryimage","url":"https:\/\/tourrel-joaillier.fr\/wp-content\/uploads\/2024\/07\/IMG_3144-2.jpeg","contentUrl":"https:\/\/tourrel-joaillier.fr\/wp-content\/uploads\/2024\/07\/IMG_3144-2.jpeg","width":1916,"height":1984,"caption":"Stacked from 5 images. Method=B (R=8,S=4)"},{"@type":"BreadcrumbList","@id":"https:\/\/tourrel-joaillier.fr\/en\/produit\/bague-de-fiancailles-saphir-pompadour-ronde\/#breadcrumb","itemListElement":[{"@type":"ListItem","position":1,"name":"Accueil","item":"https:\/\/tourrel-joaillier.fr\/en\/"},{"@type":"ListItem","position":2,"name":"Shop","item":"https:\/\/tourrel-joaillier.fr\/en\/shop-2\/"},{"@type":"ListItem","position":3,"name":"Bague de fian\u00e7ailles &#8211; Saphir &#8211; Pompadour Ronde"}]},{"@type":"WebSite","@id":"https:\/\/tourrel-joaillier.fr\/en\/#website","url":"https:\/\/tourrel-joaillier.fr\/en\/","name":"Tourrel Joaillier","description":"","potentialAction":[{"@type":"SearchAction","target":{"@type":"EntryPoint","urlTemplate":"https:\/\/tourrel-joaillier.fr\/en\/?s={search_term_string}"},"query-input":{"@type":"PropertyValueSpecification","valueRequired":true,"valueName":"search_term_string"}}],"inLanguage":"en-US"}]}},"_links":{"self":[{"href":"https:\/\/tourrel-joaillier.fr\/en\/wp-json\/wp\/v2\/product\/7437","targetHints":{"allow":["GET"]}}],"collection":[{"href":"https:\/\/tourrel-joaillier.fr\/en\/wp-json\/wp\/v2\/product"}],"about":[{"href":"https:\/\/tourrel-joaillier.fr\/en\/wp-json\/wp\/v2\/types\/product"}],"replies":[{"embeddable":true,"href":"https:\/\/tourrel-joaillier.fr\/en\/wp-json\/wp\/v2\/comments?post=7437"}],"wp:featuredmedia":[{"embeddable":true,"href":"https:\/\/tourrel-joaillier.fr\/en\/wp-json\/wp\/v2\/media\/7432"}],"wp:attachment":[{"href":"https:\/\/tourrel-joaillier.fr\/en\/wp-json\/wp\/v2\/media?parent=7437"}],"wp:term":[{"taxonomy":"product_brand","embeddable":true,"href":"https:\/\/tourrel-joaillier.fr\/en\/wp-json\/wp\/v2\/product_brand?post=7437"},{"taxonomy":"product_cat","embeddable":true,"href":"https:\/\/tourrel-joaillier.fr\/en\/wp-json\/wp\/v2\/product_cat?post=7437"},{"taxonomy":"product_tag","embeddable":true,"href":"https:\/\/tourrel-joaillier.fr\/en\/wp-json\/wp\/v2\/product_tag?post=7437"}],"curies":[{"name":"wp","href":"https:\/\/api.w.org\/{rel}","templated":true}]}}