{"id":7537,"date":"2024-07-04T16:34:24","date_gmt":"2024-07-04T15:34:24","guid":{"rendered":"https:\/\/tourrel-joaillier.quatrys.fr\/?post_type=product&#038;p=7537"},"modified":"2025-08-08T16:28:48","modified_gmt":"2025-08-08T15:28:48","slug":"bague-diamant-emeraude-ruban","status":"publish","type":"product","link":"https:\/\/tourrel-joaillier.fr\/en\/produit\/bague-diamant-emeraude-ruban\/","title":{"rendered":"Bague &#8211; Diamant, Emeraude &#8211; Ruban"},"content":{"rendered":"<p>Bague ruban r\u00e9f 1067<\/p>\n<p>Emeraude 0.90 ct Diamants princesse, diamants brillants ,0.47 ct<\/p>\n<p>Avis du joaillier \u00a0: Efficace la trilogie diamants , l\u00e9g\u00e8re et tr\u00e8s \u00e9l\u00e9gante sur le doigt .<\/p>\n<p>&nbsp;<\/p>\n","protected":false},"excerpt":{"rendered":"<p>Bague ruban r\u00e9f 1067<\/p>\n<p>Emeraude ,Diamants princesse , Diamants brillants ,or jaune<\/p>\n","protected":false},"featured_media":7527,"comment_status":"open","ping_status":"closed","template":"","meta":[],"product_brand":[],"product_cat":[127,126,129],"product_tag":[],"class_list":{"0":"post-7537","1":"product","2":"type-product","3":"status-publish","4":"has-post-thumbnail","6":"product_cat-bagues","7":"product_cat-diamants-bague","8":"product_cat-emeraude","10":"first","11":"instock","12":"taxable","13":"shipping-taxable","14":"purchasable","15":"product-type-simple"},"yoast_head":"<!-- This site is optimized with the Yoast SEO plugin v27.3 - https:\/\/yoast.com\/product\/yoast-seo-wordpress\/ -->\n<title>Bague - Diamant, Emeraude - Ruban | Tourrel Joaillier<\/title>\n<meta name=\"robots\" content=\"index, follow, max-snippet:-1, max-image-preview:large, max-video-preview:-1\" \/>\n<link rel=\"canonical\" href=\"https:\/\/tourrel-joaillier.fr\/en\/produit\/bague-diamant-emeraude-ruban\/\" \/>\n<meta property=\"og:locale\" content=\"en_US\" \/>\n<meta property=\"og:type\" content=\"article\" \/>\n<meta property=\"og:title\" content=\"Bague - Diamant, Emeraude - Ruban | Tourrel Joaillier\" \/>\n<meta property=\"og:description\" content=\"Bague ruban r\u00e9f 1067  Emeraude ,Diamants princesse , Diamants brillants ,or jaune\" \/>\n<meta property=\"og:url\" content=\"https:\/\/tourrel-joaillier.fr\/en\/produit\/bague-diamant-emeraude-ruban\/\" \/>\n<meta property=\"og:site_name\" content=\"Tourrel Joaillier\" \/>\n<meta property=\"article:modified_time\" content=\"2025-08-08T15:28:48+00:00\" \/>\n<meta property=\"og:image\" content=\"https:\/\/tourrel-joaillier.fr\/wp-content\/uploads\/2024\/07\/IMG_3196.jpeg\" \/>\n\t<meta property=\"og:image:width\" content=\"1800\" \/>\n\t<meta property=\"og:image:height\" content=\"2080\" \/>\n\t<meta property=\"og:image:type\" content=\"image\/jpeg\" \/>\n<meta name=\"twitter:card\" content=\"summary_large_image\" \/>\n<meta name=\"twitter:label1\" content=\"Est. reading time\" \/>\n\t<meta name=\"twitter:data1\" content=\"1 minute\" \/>\n<script type=\"application\/ld+json\" class=\"yoast-schema-graph\">{\"@context\":\"https:\\\/\\\/schema.org\",\"@graph\":[{\"@type\":\"WebPage\",\"@id\":\"https:\\\/\\\/tourrel-joaillier.fr\\\/en\\\/produit\\\/bague-diamant-emeraude-ruban\\\/\",\"url\":\"https:\\\/\\\/tourrel-joaillier.fr\\\/en\\\/produit\\\/bague-diamant-emeraude-ruban\\\/\",\"name\":\"Bague - Diamant, Emeraude - Ruban | Tourrel Joaillier\",\"isPartOf\":{\"@id\":\"https:\\\/\\\/tourrel-joaillier.fr\\\/en\\\/#website\"},\"primaryImageOfPage\":{\"@id\":\"https:\\\/\\\/tourrel-joaillier.fr\\\/en\\\/produit\\\/bague-diamant-emeraude-ruban\\\/#primaryimage\"},\"image\":{\"@id\":\"https:\\\/\\\/tourrel-joaillier.fr\\\/en\\\/produit\\\/bague-diamant-emeraude-ruban\\\/#primaryimage\"},\"thumbnailUrl\":\"https:\\\/\\\/tourrel-joaillier.fr\\\/wp-content\\\/uploads\\\/2024\\\/07\\\/IMG_3196.jpeg\",\"datePublished\":\"2024-07-04T15:34:24+00:00\",\"dateModified\":\"2025-08-08T15:28:48+00:00\",\"breadcrumb\":{\"@id\":\"https:\\\/\\\/tourrel-joaillier.fr\\\/en\\\/produit\\\/bague-diamant-emeraude-ruban\\\/#breadcrumb\"},\"inLanguage\":\"en-US\",\"potentialAction\":[{\"@type\":\"ReadAction\",\"target\":[\"https:\\\/\\\/tourrel-joaillier.fr\\\/en\\\/produit\\\/bague-diamant-emeraude-ruban\\\/\"]}]},{\"@type\":\"ImageObject\",\"inLanguage\":\"en-US\",\"@id\":\"https:\\\/\\\/tourrel-joaillier.fr\\\/en\\\/produit\\\/bague-diamant-emeraude-ruban\\\/#primaryimage\",\"url\":\"https:\\\/\\\/tourrel-joaillier.fr\\\/wp-content\\\/uploads\\\/2024\\\/07\\\/IMG_3196.jpeg\",\"contentUrl\":\"https:\\\/\\\/tourrel-joaillier.fr\\\/wp-content\\\/uploads\\\/2024\\\/07\\\/IMG_3196.jpeg\",\"width\":1800,\"height\":2080,\"caption\":\"Stacked from 5 images. Method=C (S=4)\"},{\"@type\":\"BreadcrumbList\",\"@id\":\"https:\\\/\\\/tourrel-joaillier.fr\\\/en\\\/produit\\\/bague-diamant-emeraude-ruban\\\/#breadcrumb\",\"itemListElement\":[{\"@type\":\"ListItem\",\"position\":1,\"name\":\"Accueil\",\"item\":\"https:\\\/\\\/tourrel-joaillier.fr\\\/en\\\/\"},{\"@type\":\"ListItem\",\"position\":2,\"name\":\"Shop\",\"item\":\"https:\\\/\\\/tourrel-joaillier.fr\\\/en\\\/shop-2\\\/\"},{\"@type\":\"ListItem\",\"position\":3,\"name\":\"Bague &#8211; Diamant, Emeraude &#8211; Ruban\"}]},{\"@type\":\"WebSite\",\"@id\":\"https:\\\/\\\/tourrel-joaillier.fr\\\/en\\\/#website\",\"url\":\"https:\\\/\\\/tourrel-joaillier.fr\\\/en\\\/\",\"name\":\"Tourrel Joaillier\",\"description\":\"\",\"potentialAction\":[{\"@type\":\"SearchAction\",\"target\":{\"@type\":\"EntryPoint\",\"urlTemplate\":\"https:\\\/\\\/tourrel-joaillier.fr\\\/en\\\/?s={search_term_string}\"},\"query-input\":{\"@type\":\"PropertyValueSpecification\",\"valueRequired\":true,\"valueName\":\"search_term_string\"}}],\"inLanguage\":\"en-US\"}]}<\/script>\n<!-- \/ Yoast SEO plugin. -->","yoast_head_json":{"title":"Bague - Diamant, Emeraude - Ruban | Tourrel Joaillier","robots":{"index":"index","follow":"follow","max-snippet":"max-snippet:-1","max-image-preview":"max-image-preview:large","max-video-preview":"max-video-preview:-1"},"canonical":"https:\/\/tourrel-joaillier.fr\/en\/produit\/bague-diamant-emeraude-ruban\/","og_locale":"en_US","og_type":"article","og_title":"Bague - Diamant, Emeraude - Ruban | Tourrel Joaillier","og_description":"Bague ruban r\u00e9f 1067  Emeraude ,Diamants princesse , Diamants brillants ,or jaune","og_url":"https:\/\/tourrel-joaillier.fr\/en\/produit\/bague-diamant-emeraude-ruban\/","og_site_name":"Tourrel Joaillier","article_modified_time":"2025-08-08T15:28:48+00:00","og_image":[{"width":1800,"height":2080,"url":"https:\/\/tourrel-joaillier.fr\/wp-content\/uploads\/2024\/07\/IMG_3196.jpeg","type":"image\/jpeg"}],"twitter_card":"summary_large_image","twitter_misc":{"Est. reading time":"1 minute"},"schema":{"@context":"https:\/\/schema.org","@graph":[{"@type":"WebPage","@id":"https:\/\/tourrel-joaillier.fr\/en\/produit\/bague-diamant-emeraude-ruban\/","url":"https:\/\/tourrel-joaillier.fr\/en\/produit\/bague-diamant-emeraude-ruban\/","name":"Bague - Diamant, Emeraude - Ruban | Tourrel Joaillier","isPartOf":{"@id":"https:\/\/tourrel-joaillier.fr\/en\/#website"},"primaryImageOfPage":{"@id":"https:\/\/tourrel-joaillier.fr\/en\/produit\/bague-diamant-emeraude-ruban\/#primaryimage"},"image":{"@id":"https:\/\/tourrel-joaillier.fr\/en\/produit\/bague-diamant-emeraude-ruban\/#primaryimage"},"thumbnailUrl":"https:\/\/tourrel-joaillier.fr\/wp-content\/uploads\/2024\/07\/IMG_3196.jpeg","datePublished":"2024-07-04T15:34:24+00:00","dateModified":"2025-08-08T15:28:48+00:00","breadcrumb":{"@id":"https:\/\/tourrel-joaillier.fr\/en\/produit\/bague-diamant-emeraude-ruban\/#breadcrumb"},"inLanguage":"en-US","potentialAction":[{"@type":"ReadAction","target":["https:\/\/tourrel-joaillier.fr\/en\/produit\/bague-diamant-emeraude-ruban\/"]}]},{"@type":"ImageObject","inLanguage":"en-US","@id":"https:\/\/tourrel-joaillier.fr\/en\/produit\/bague-diamant-emeraude-ruban\/#primaryimage","url":"https:\/\/tourrel-joaillier.fr\/wp-content\/uploads\/2024\/07\/IMG_3196.jpeg","contentUrl":"https:\/\/tourrel-joaillier.fr\/wp-content\/uploads\/2024\/07\/IMG_3196.jpeg","width":1800,"height":2080,"caption":"Stacked from 5 images. Method=C (S=4)"},{"@type":"BreadcrumbList","@id":"https:\/\/tourrel-joaillier.fr\/en\/produit\/bague-diamant-emeraude-ruban\/#breadcrumb","itemListElement":[{"@type":"ListItem","position":1,"name":"Accueil","item":"https:\/\/tourrel-joaillier.fr\/en\/"},{"@type":"ListItem","position":2,"name":"Shop","item":"https:\/\/tourrel-joaillier.fr\/en\/shop-2\/"},{"@type":"ListItem","position":3,"name":"Bague &#8211; Diamant, Emeraude &#8211; Ruban"}]},{"@type":"WebSite","@id":"https:\/\/tourrel-joaillier.fr\/en\/#website","url":"https:\/\/tourrel-joaillier.fr\/en\/","name":"Tourrel Joaillier","description":"","potentialAction":[{"@type":"SearchAction","target":{"@type":"EntryPoint","urlTemplate":"https:\/\/tourrel-joaillier.fr\/en\/?s={search_term_string}"},"query-input":{"@type":"PropertyValueSpecification","valueRequired":true,"valueName":"search_term_string"}}],"inLanguage":"en-US"}]}},"_links":{"self":[{"href":"https:\/\/tourrel-joaillier.fr\/en\/wp-json\/wp\/v2\/product\/7537","targetHints":{"allow":["GET"]}}],"collection":[{"href":"https:\/\/tourrel-joaillier.fr\/en\/wp-json\/wp\/v2\/product"}],"about":[{"href":"https:\/\/tourrel-joaillier.fr\/en\/wp-json\/wp\/v2\/types\/product"}],"replies":[{"embeddable":true,"href":"https:\/\/tourrel-joaillier.fr\/en\/wp-json\/wp\/v2\/comments?post=7537"}],"wp:featuredmedia":[{"embeddable":true,"href":"https:\/\/tourrel-joaillier.fr\/en\/wp-json\/wp\/v2\/media\/7527"}],"wp:attachment":[{"href":"https:\/\/tourrel-joaillier.fr\/en\/wp-json\/wp\/v2\/media?parent=7537"}],"wp:term":[{"taxonomy":"product_brand","embeddable":true,"href":"https:\/\/tourrel-joaillier.fr\/en\/wp-json\/wp\/v2\/product_brand?post=7537"},{"taxonomy":"product_cat","embeddable":true,"href":"https:\/\/tourrel-joaillier.fr\/en\/wp-json\/wp\/v2\/product_cat?post=7537"},{"taxonomy":"product_tag","embeddable":true,"href":"https:\/\/tourrel-joaillier.fr\/en\/wp-json\/wp\/v2\/product_tag?post=7537"}],"curies":[{"name":"wp","href":"https:\/\/api.w.org\/{rel}","templated":true}]}}