{"id":7626,"date":"2024-07-27T15:46:53","date_gmt":"2024-07-27T14:46:53","guid":{"rendered":"https:\/\/tourrel-joaillier.quatrys.fr\/?post_type=product&#038;p=7626"},"modified":"2025-08-08T16:55:47","modified_gmt":"2025-08-08T15:55:47","slug":"bague-solitaire-diamant-fleche","status":"publish","type":"product","link":"https:\/\/tourrel-joaillier.fr\/en\/produit\/bague-solitaire-diamant-fleche\/","title":{"rendered":"Bague solitaire &#8211; Diamant &#8211; Fl\u00e8che"},"content":{"rendered":"<p>Bague solitaire Diamants 0.91 ct ref 104<\/p>\n<p>Deux diamants \u00e9paulent le diamant du centre\u00a0 ; monture or gris .<\/p>\n<p>Avis du joaillier : le serti clos des diamants apportent une touche contemporaine \u00e0 cette bague ,<\/p>\n<p>tr\u00e8s \u00e9l\u00e9gante .<\/p>\n","protected":false},"excerpt":{"rendered":"<p>Bague solitaire Diamants ref 104<\/p>\n<p>Deux diamants \u00e9paulent le diamant du centre .<\/p>\n<p>Monture or gris .<\/p>\n","protected":false},"featured_media":7631,"comment_status":"open","ping_status":"closed","template":"","meta":[],"product_brand":[],"product_cat":[124,111],"product_tag":[],"class_list":{"0":"post-7626","1":"product","2":"type-product","3":"status-publish","4":"has-post-thumbnail","6":"product_cat-bagues-fiancailles","7":"product_cat-mariage","9":"first","10":"instock","11":"taxable","12":"shipping-taxable","13":"purchasable","14":"product-type-simple"},"yoast_head":"<!-- This site is optimized with the Yoast SEO plugin v27.3 - https:\/\/yoast.com\/product\/yoast-seo-wordpress\/ -->\n<title>Bague solitaire - Diamant - Fl\u00e8che | Tourrel Joaillier<\/title>\n<meta name=\"robots\" content=\"index, follow, max-snippet:-1, max-image-preview:large, max-video-preview:-1\" \/>\n<link rel=\"canonical\" href=\"https:\/\/tourrel-joaillier.fr\/en\/produit\/bague-solitaire-diamant-fleche\/\" \/>\n<meta property=\"og:locale\" content=\"en_US\" \/>\n<meta property=\"og:type\" content=\"article\" \/>\n<meta property=\"og:title\" content=\"Bague solitaire - Diamant - Fl\u00e8che | Tourrel Joaillier\" \/>\n<meta property=\"og:description\" content=\"Bague solitaire Diamants ref 104  Deux diamants \u00e9paulent le diamant du centre .  Monture or gris .\" \/>\n<meta property=\"og:url\" content=\"https:\/\/tourrel-joaillier.fr\/en\/produit\/bague-solitaire-diamant-fleche\/\" \/>\n<meta property=\"og:site_name\" content=\"Tourrel Joaillier\" \/>\n<meta property=\"article:modified_time\" content=\"2025-08-08T15:55:47+00:00\" \/>\n<meta property=\"og:image\" content=\"https:\/\/tourrel-joaillier.fr\/wp-content\/uploads\/2024\/07\/IMG_3177.jpeg\" \/>\n\t<meta property=\"og:image:width\" content=\"1752\" \/>\n\t<meta property=\"og:image:height\" content=\"2072\" \/>\n\t<meta property=\"og:image:type\" content=\"image\/jpeg\" \/>\n<meta name=\"twitter:card\" content=\"summary_large_image\" \/>\n<meta name=\"twitter:label1\" content=\"Est. reading time\" \/>\n\t<meta name=\"twitter:data1\" content=\"1 minute\" \/>\n<script type=\"application\/ld+json\" class=\"yoast-schema-graph\">{\"@context\":\"https:\\\/\\\/schema.org\",\"@graph\":[{\"@type\":\"WebPage\",\"@id\":\"https:\\\/\\\/tourrel-joaillier.fr\\\/en\\\/produit\\\/bague-solitaire-diamant-fleche\\\/\",\"url\":\"https:\\\/\\\/tourrel-joaillier.fr\\\/en\\\/produit\\\/bague-solitaire-diamant-fleche\\\/\",\"name\":\"Bague solitaire - Diamant - Fl\u00e8che | Tourrel Joaillier\",\"isPartOf\":{\"@id\":\"https:\\\/\\\/tourrel-joaillier.fr\\\/en\\\/#website\"},\"primaryImageOfPage\":{\"@id\":\"https:\\\/\\\/tourrel-joaillier.fr\\\/en\\\/produit\\\/bague-solitaire-diamant-fleche\\\/#primaryimage\"},\"image\":{\"@id\":\"https:\\\/\\\/tourrel-joaillier.fr\\\/en\\\/produit\\\/bague-solitaire-diamant-fleche\\\/#primaryimage\"},\"thumbnailUrl\":\"https:\\\/\\\/tourrel-joaillier.fr\\\/wp-content\\\/uploads\\\/2024\\\/07\\\/IMG_3177.jpeg\",\"datePublished\":\"2024-07-27T14:46:53+00:00\",\"dateModified\":\"2025-08-08T15:55:47+00:00\",\"breadcrumb\":{\"@id\":\"https:\\\/\\\/tourrel-joaillier.fr\\\/en\\\/produit\\\/bague-solitaire-diamant-fleche\\\/#breadcrumb\"},\"inLanguage\":\"en-US\",\"potentialAction\":[{\"@type\":\"ReadAction\",\"target\":[\"https:\\\/\\\/tourrel-joaillier.fr\\\/en\\\/produit\\\/bague-solitaire-diamant-fleche\\\/\"]}]},{\"@type\":\"ImageObject\",\"inLanguage\":\"en-US\",\"@id\":\"https:\\\/\\\/tourrel-joaillier.fr\\\/en\\\/produit\\\/bague-solitaire-diamant-fleche\\\/#primaryimage\",\"url\":\"https:\\\/\\\/tourrel-joaillier.fr\\\/wp-content\\\/uploads\\\/2024\\\/07\\\/IMG_3177.jpeg\",\"contentUrl\":\"https:\\\/\\\/tourrel-joaillier.fr\\\/wp-content\\\/uploads\\\/2024\\\/07\\\/IMG_3177.jpeg\",\"width\":1752,\"height\":2072,\"caption\":\"Stacked from 6 images. Method=C (S=4)\"},{\"@type\":\"BreadcrumbList\",\"@id\":\"https:\\\/\\\/tourrel-joaillier.fr\\\/en\\\/produit\\\/bague-solitaire-diamant-fleche\\\/#breadcrumb\",\"itemListElement\":[{\"@type\":\"ListItem\",\"position\":1,\"name\":\"Accueil\",\"item\":\"https:\\\/\\\/tourrel-joaillier.fr\\\/en\\\/\"},{\"@type\":\"ListItem\",\"position\":2,\"name\":\"Shop\",\"item\":\"https:\\\/\\\/tourrel-joaillier.fr\\\/en\\\/shop-2\\\/\"},{\"@type\":\"ListItem\",\"position\":3,\"name\":\"Bague solitaire &#8211; Diamant &#8211; Fl\u00e8che\"}]},{\"@type\":\"WebSite\",\"@id\":\"https:\\\/\\\/tourrel-joaillier.fr\\\/en\\\/#website\",\"url\":\"https:\\\/\\\/tourrel-joaillier.fr\\\/en\\\/\",\"name\":\"Tourrel Joaillier\",\"description\":\"\",\"potentialAction\":[{\"@type\":\"SearchAction\",\"target\":{\"@type\":\"EntryPoint\",\"urlTemplate\":\"https:\\\/\\\/tourrel-joaillier.fr\\\/en\\\/?s={search_term_string}\"},\"query-input\":{\"@type\":\"PropertyValueSpecification\",\"valueRequired\":true,\"valueName\":\"search_term_string\"}}],\"inLanguage\":\"en-US\"}]}<\/script>\n<!-- \/ Yoast SEO plugin. -->","yoast_head_json":{"title":"Bague solitaire - Diamant - Fl\u00e8che | Tourrel Joaillier","robots":{"index":"index","follow":"follow","max-snippet":"max-snippet:-1","max-image-preview":"max-image-preview:large","max-video-preview":"max-video-preview:-1"},"canonical":"https:\/\/tourrel-joaillier.fr\/en\/produit\/bague-solitaire-diamant-fleche\/","og_locale":"en_US","og_type":"article","og_title":"Bague solitaire - Diamant - Fl\u00e8che | Tourrel Joaillier","og_description":"Bague solitaire Diamants ref 104  Deux diamants \u00e9paulent le diamant du centre .  Monture or gris .","og_url":"https:\/\/tourrel-joaillier.fr\/en\/produit\/bague-solitaire-diamant-fleche\/","og_site_name":"Tourrel Joaillier","article_modified_time":"2025-08-08T15:55:47+00:00","og_image":[{"width":1752,"height":2072,"url":"https:\/\/tourrel-joaillier.fr\/wp-content\/uploads\/2024\/07\/IMG_3177.jpeg","type":"image\/jpeg"}],"twitter_card":"summary_large_image","twitter_misc":{"Est. reading time":"1 minute"},"schema":{"@context":"https:\/\/schema.org","@graph":[{"@type":"WebPage","@id":"https:\/\/tourrel-joaillier.fr\/en\/produit\/bague-solitaire-diamant-fleche\/","url":"https:\/\/tourrel-joaillier.fr\/en\/produit\/bague-solitaire-diamant-fleche\/","name":"Bague solitaire - Diamant - Fl\u00e8che | Tourrel Joaillier","isPartOf":{"@id":"https:\/\/tourrel-joaillier.fr\/en\/#website"},"primaryImageOfPage":{"@id":"https:\/\/tourrel-joaillier.fr\/en\/produit\/bague-solitaire-diamant-fleche\/#primaryimage"},"image":{"@id":"https:\/\/tourrel-joaillier.fr\/en\/produit\/bague-solitaire-diamant-fleche\/#primaryimage"},"thumbnailUrl":"https:\/\/tourrel-joaillier.fr\/wp-content\/uploads\/2024\/07\/IMG_3177.jpeg","datePublished":"2024-07-27T14:46:53+00:00","dateModified":"2025-08-08T15:55:47+00:00","breadcrumb":{"@id":"https:\/\/tourrel-joaillier.fr\/en\/produit\/bague-solitaire-diamant-fleche\/#breadcrumb"},"inLanguage":"en-US","potentialAction":[{"@type":"ReadAction","target":["https:\/\/tourrel-joaillier.fr\/en\/produit\/bague-solitaire-diamant-fleche\/"]}]},{"@type":"ImageObject","inLanguage":"en-US","@id":"https:\/\/tourrel-joaillier.fr\/en\/produit\/bague-solitaire-diamant-fleche\/#primaryimage","url":"https:\/\/tourrel-joaillier.fr\/wp-content\/uploads\/2024\/07\/IMG_3177.jpeg","contentUrl":"https:\/\/tourrel-joaillier.fr\/wp-content\/uploads\/2024\/07\/IMG_3177.jpeg","width":1752,"height":2072,"caption":"Stacked from 6 images. Method=C (S=4)"},{"@type":"BreadcrumbList","@id":"https:\/\/tourrel-joaillier.fr\/en\/produit\/bague-solitaire-diamant-fleche\/#breadcrumb","itemListElement":[{"@type":"ListItem","position":1,"name":"Accueil","item":"https:\/\/tourrel-joaillier.fr\/en\/"},{"@type":"ListItem","position":2,"name":"Shop","item":"https:\/\/tourrel-joaillier.fr\/en\/shop-2\/"},{"@type":"ListItem","position":3,"name":"Bague solitaire &#8211; Diamant &#8211; Fl\u00e8che"}]},{"@type":"WebSite","@id":"https:\/\/tourrel-joaillier.fr\/en\/#website","url":"https:\/\/tourrel-joaillier.fr\/en\/","name":"Tourrel Joaillier","description":"","potentialAction":[{"@type":"SearchAction","target":{"@type":"EntryPoint","urlTemplate":"https:\/\/tourrel-joaillier.fr\/en\/?s={search_term_string}"},"query-input":{"@type":"PropertyValueSpecification","valueRequired":true,"valueName":"search_term_string"}}],"inLanguage":"en-US"}]}},"_links":{"self":[{"href":"https:\/\/tourrel-joaillier.fr\/en\/wp-json\/wp\/v2\/product\/7626","targetHints":{"allow":["GET"]}}],"collection":[{"href":"https:\/\/tourrel-joaillier.fr\/en\/wp-json\/wp\/v2\/product"}],"about":[{"href":"https:\/\/tourrel-joaillier.fr\/en\/wp-json\/wp\/v2\/types\/product"}],"replies":[{"embeddable":true,"href":"https:\/\/tourrel-joaillier.fr\/en\/wp-json\/wp\/v2\/comments?post=7626"}],"wp:featuredmedia":[{"embeddable":true,"href":"https:\/\/tourrel-joaillier.fr\/en\/wp-json\/wp\/v2\/media\/7631"}],"wp:attachment":[{"href":"https:\/\/tourrel-joaillier.fr\/en\/wp-json\/wp\/v2\/media?parent=7626"}],"wp:term":[{"taxonomy":"product_brand","embeddable":true,"href":"https:\/\/tourrel-joaillier.fr\/en\/wp-json\/wp\/v2\/product_brand?post=7626"},{"taxonomy":"product_cat","embeddable":true,"href":"https:\/\/tourrel-joaillier.fr\/en\/wp-json\/wp\/v2\/product_cat?post=7626"},{"taxonomy":"product_tag","embeddable":true,"href":"https:\/\/tourrel-joaillier.fr\/en\/wp-json\/wp\/v2\/product_tag?post=7626"}],"curies":[{"name":"wp","href":"https:\/\/api.w.org\/{rel}","templated":true}]}}