{"id":7814,"date":"2024-10-02T11:52:47","date_gmt":"2024-10-02T10:52:47","guid":{"rendered":"https:\/\/tourrel-joaillier.quatrys.fr\/?post_type=product&#038;p=7814"},"modified":"2025-08-08T16:35:01","modified_gmt":"2025-08-08T15:35:01","slug":"bague-saphir-feston-calibree","status":"publish","type":"product","link":"https:\/\/tourrel-joaillier.fr\/en\/produit\/bague-saphir-feston-calibree\/","title":{"rendered":"Bague &#8211; Saphir &#8211; Feston calibr\u00e9e"},"content":{"rendered":"<p>Bague saphir calibr\u00e9e r\u00e9f 1812<\/p>\n<p>Saphir de Ceylan de 2.13 ct au centre .<\/p>\n<p>Avis du joaillier : Bague art d\u00e9co tr\u00e8s styl\u00e9e , intemporelle tr\u00e8s chic !<\/p>\n<p>tr\u00e8s appr\u00e9ci\u00e9e pour des fian\u00e7ailles \u2026.<\/p>\n","protected":false},"excerpt":{"rendered":"<p>Bague saphir calibr\u00e9e ref 1812<\/p>\n","protected":false},"featured_media":7815,"comment_status":"open","ping_status":"closed","template":"","meta":[],"product_brand":[],"product_cat":[127,128],"product_tag":[],"class_list":{"0":"post-7814","1":"product","2":"type-product","3":"status-publish","4":"has-post-thumbnail","6":"product_cat-bagues","7":"product_cat-saphir","9":"first","10":"instock","11":"taxable","12":"shipping-taxable","13":"product-type-simple"},"yoast_head":"<!-- This site is optimized with the Yoast SEO plugin v27.4 - https:\/\/yoast.com\/product\/yoast-seo-wordpress\/ -->\n<title>Bague - Saphir - Feston calibr\u00e9e | Tourrel Joaillier<\/title>\n<meta name=\"robots\" content=\"index, follow, max-snippet:-1, max-image-preview:large, max-video-preview:-1\" \/>\n<link rel=\"canonical\" href=\"https:\/\/tourrel-joaillier.fr\/en\/produit\/bague-saphir-feston-calibree\/\" \/>\n<meta property=\"og:locale\" content=\"en_US\" \/>\n<meta property=\"og:type\" content=\"article\" \/>\n<meta property=\"og:title\" content=\"Bague - Saphir - Feston calibr\u00e9e | Tourrel Joaillier\" \/>\n<meta property=\"og:description\" content=\"Bague saphir calibr\u00e9e ref 1812\" \/>\n<meta property=\"og:url\" content=\"https:\/\/tourrel-joaillier.fr\/en\/produit\/bague-saphir-feston-calibree\/\" \/>\n<meta property=\"og:site_name\" content=\"Tourrel Joaillier\" \/>\n<meta property=\"article:modified_time\" content=\"2025-08-08T15:35:01+00:00\" \/>\n<meta property=\"og:image\" content=\"https:\/\/tourrel-joaillier.fr\/wp-content\/uploads\/2024\/10\/IMG_6407-scaled.jpeg\" \/>\n\t<meta property=\"og:image:width\" content=\"2560\" \/>\n\t<meta property=\"og:image:height\" content=\"2229\" \/>\n\t<meta property=\"og:image:type\" content=\"image\/jpeg\" \/>\n<meta name=\"twitter:card\" content=\"summary_large_image\" \/>\n<meta name=\"twitter:label1\" content=\"Est. reading time\" \/>\n\t<meta name=\"twitter:data1\" content=\"1 minute\" \/>\n<script type=\"application\/ld+json\" class=\"yoast-schema-graph\">{\"@context\":\"https:\\\/\\\/schema.org\",\"@graph\":[{\"@type\":\"WebPage\",\"@id\":\"https:\\\/\\\/tourrel-joaillier.fr\\\/en\\\/produit\\\/bague-saphir-feston-calibree\\\/\",\"url\":\"https:\\\/\\\/tourrel-joaillier.fr\\\/en\\\/produit\\\/bague-saphir-feston-calibree\\\/\",\"name\":\"Bague - Saphir - Feston calibr\u00e9e | Tourrel Joaillier\",\"isPartOf\":{\"@id\":\"https:\\\/\\\/tourrel-joaillier.fr\\\/en\\\/#website\"},\"primaryImageOfPage\":{\"@id\":\"https:\\\/\\\/tourrel-joaillier.fr\\\/en\\\/produit\\\/bague-saphir-feston-calibree\\\/#primaryimage\"},\"image\":{\"@id\":\"https:\\\/\\\/tourrel-joaillier.fr\\\/en\\\/produit\\\/bague-saphir-feston-calibree\\\/#primaryimage\"},\"thumbnailUrl\":\"https:\\\/\\\/tourrel-joaillier.fr\\\/wp-content\\\/uploads\\\/2024\\\/10\\\/IMG_6407-scaled.jpeg\",\"datePublished\":\"2024-10-02T10:52:47+00:00\",\"dateModified\":\"2025-08-08T15:35:01+00:00\",\"breadcrumb\":{\"@id\":\"https:\\\/\\\/tourrel-joaillier.fr\\\/en\\\/produit\\\/bague-saphir-feston-calibree\\\/#breadcrumb\"},\"inLanguage\":\"en-US\",\"potentialAction\":[{\"@type\":\"ReadAction\",\"target\":[\"https:\\\/\\\/tourrel-joaillier.fr\\\/en\\\/produit\\\/bague-saphir-feston-calibree\\\/\"]}]},{\"@type\":\"ImageObject\",\"inLanguage\":\"en-US\",\"@id\":\"https:\\\/\\\/tourrel-joaillier.fr\\\/en\\\/produit\\\/bague-saphir-feston-calibree\\\/#primaryimage\",\"url\":\"https:\\\/\\\/tourrel-joaillier.fr\\\/wp-content\\\/uploads\\\/2024\\\/10\\\/IMG_6407-scaled.jpeg\",\"contentUrl\":\"https:\\\/\\\/tourrel-joaillier.fr\\\/wp-content\\\/uploads\\\/2024\\\/10\\\/IMG_6407-scaled.jpeg\",\"width\":2560,\"height\":2229},{\"@type\":\"BreadcrumbList\",\"@id\":\"https:\\\/\\\/tourrel-joaillier.fr\\\/en\\\/produit\\\/bague-saphir-feston-calibree\\\/#breadcrumb\",\"itemListElement\":[{\"@type\":\"ListItem\",\"position\":1,\"name\":\"Accueil\",\"item\":\"https:\\\/\\\/tourrel-joaillier.fr\\\/en\\\/\"},{\"@type\":\"ListItem\",\"position\":2,\"name\":\"Shop\",\"item\":\"https:\\\/\\\/tourrel-joaillier.fr\\\/en\\\/shop-2\\\/\"},{\"@type\":\"ListItem\",\"position\":3,\"name\":\"Bague &#8211; Saphir &#8211; Feston calibr\u00e9e\"}]},{\"@type\":\"WebSite\",\"@id\":\"https:\\\/\\\/tourrel-joaillier.fr\\\/en\\\/#website\",\"url\":\"https:\\\/\\\/tourrel-joaillier.fr\\\/en\\\/\",\"name\":\"Tourrel Joaillier\",\"description\":\"\",\"potentialAction\":[{\"@type\":\"SearchAction\",\"target\":{\"@type\":\"EntryPoint\",\"urlTemplate\":\"https:\\\/\\\/tourrel-joaillier.fr\\\/en\\\/?s={search_term_string}\"},\"query-input\":{\"@type\":\"PropertyValueSpecification\",\"valueRequired\":true,\"valueName\":\"search_term_string\"}}],\"inLanguage\":\"en-US\"}]}<\/script>\n<!-- \/ Yoast SEO plugin. -->","yoast_head_json":{"title":"Bague - Saphir - Feston calibr\u00e9e | Tourrel Joaillier","robots":{"index":"index","follow":"follow","max-snippet":"max-snippet:-1","max-image-preview":"max-image-preview:large","max-video-preview":"max-video-preview:-1"},"canonical":"https:\/\/tourrel-joaillier.fr\/en\/produit\/bague-saphir-feston-calibree\/","og_locale":"en_US","og_type":"article","og_title":"Bague - Saphir - Feston calibr\u00e9e | Tourrel Joaillier","og_description":"Bague saphir calibr\u00e9e ref 1812","og_url":"https:\/\/tourrel-joaillier.fr\/en\/produit\/bague-saphir-feston-calibree\/","og_site_name":"Tourrel Joaillier","article_modified_time":"2025-08-08T15:35:01+00:00","og_image":[{"width":2560,"height":2229,"url":"https:\/\/tourrel-joaillier.fr\/wp-content\/uploads\/2024\/10\/IMG_6407-scaled.jpeg","type":"image\/jpeg"}],"twitter_card":"summary_large_image","twitter_misc":{"Est. reading time":"1 minute"},"schema":{"@context":"https:\/\/schema.org","@graph":[{"@type":"WebPage","@id":"https:\/\/tourrel-joaillier.fr\/en\/produit\/bague-saphir-feston-calibree\/","url":"https:\/\/tourrel-joaillier.fr\/en\/produit\/bague-saphir-feston-calibree\/","name":"Bague - Saphir - Feston calibr\u00e9e | Tourrel Joaillier","isPartOf":{"@id":"https:\/\/tourrel-joaillier.fr\/en\/#website"},"primaryImageOfPage":{"@id":"https:\/\/tourrel-joaillier.fr\/en\/produit\/bague-saphir-feston-calibree\/#primaryimage"},"image":{"@id":"https:\/\/tourrel-joaillier.fr\/en\/produit\/bague-saphir-feston-calibree\/#primaryimage"},"thumbnailUrl":"https:\/\/tourrel-joaillier.fr\/wp-content\/uploads\/2024\/10\/IMG_6407-scaled.jpeg","datePublished":"2024-10-02T10:52:47+00:00","dateModified":"2025-08-08T15:35:01+00:00","breadcrumb":{"@id":"https:\/\/tourrel-joaillier.fr\/en\/produit\/bague-saphir-feston-calibree\/#breadcrumb"},"inLanguage":"en-US","potentialAction":[{"@type":"ReadAction","target":["https:\/\/tourrel-joaillier.fr\/en\/produit\/bague-saphir-feston-calibree\/"]}]},{"@type":"ImageObject","inLanguage":"en-US","@id":"https:\/\/tourrel-joaillier.fr\/en\/produit\/bague-saphir-feston-calibree\/#primaryimage","url":"https:\/\/tourrel-joaillier.fr\/wp-content\/uploads\/2024\/10\/IMG_6407-scaled.jpeg","contentUrl":"https:\/\/tourrel-joaillier.fr\/wp-content\/uploads\/2024\/10\/IMG_6407-scaled.jpeg","width":2560,"height":2229},{"@type":"BreadcrumbList","@id":"https:\/\/tourrel-joaillier.fr\/en\/produit\/bague-saphir-feston-calibree\/#breadcrumb","itemListElement":[{"@type":"ListItem","position":1,"name":"Accueil","item":"https:\/\/tourrel-joaillier.fr\/en\/"},{"@type":"ListItem","position":2,"name":"Shop","item":"https:\/\/tourrel-joaillier.fr\/en\/shop-2\/"},{"@type":"ListItem","position":3,"name":"Bague &#8211; Saphir &#8211; Feston calibr\u00e9e"}]},{"@type":"WebSite","@id":"https:\/\/tourrel-joaillier.fr\/en\/#website","url":"https:\/\/tourrel-joaillier.fr\/en\/","name":"Tourrel Joaillier","description":"","potentialAction":[{"@type":"SearchAction","target":{"@type":"EntryPoint","urlTemplate":"https:\/\/tourrel-joaillier.fr\/en\/?s={search_term_string}"},"query-input":{"@type":"PropertyValueSpecification","valueRequired":true,"valueName":"search_term_string"}}],"inLanguage":"en-US"}]}},"_links":{"self":[{"href":"https:\/\/tourrel-joaillier.fr\/en\/wp-json\/wp\/v2\/product\/7814","targetHints":{"allow":["GET"]}}],"collection":[{"href":"https:\/\/tourrel-joaillier.fr\/en\/wp-json\/wp\/v2\/product"}],"about":[{"href":"https:\/\/tourrel-joaillier.fr\/en\/wp-json\/wp\/v2\/types\/product"}],"replies":[{"embeddable":true,"href":"https:\/\/tourrel-joaillier.fr\/en\/wp-json\/wp\/v2\/comments?post=7814"}],"wp:featuredmedia":[{"embeddable":true,"href":"https:\/\/tourrel-joaillier.fr\/en\/wp-json\/wp\/v2\/media\/7815"}],"wp:attachment":[{"href":"https:\/\/tourrel-joaillier.fr\/en\/wp-json\/wp\/v2\/media?parent=7814"}],"wp:term":[{"taxonomy":"product_brand","embeddable":true,"href":"https:\/\/tourrel-joaillier.fr\/en\/wp-json\/wp\/v2\/product_brand?post=7814"},{"taxonomy":"product_cat","embeddable":true,"href":"https:\/\/tourrel-joaillier.fr\/en\/wp-json\/wp\/v2\/product_cat?post=7814"},{"taxonomy":"product_tag","embeddable":true,"href":"https:\/\/tourrel-joaillier.fr\/en\/wp-json\/wp\/v2\/product_tag?post=7814"}],"curies":[{"name":"wp","href":"https:\/\/api.w.org\/{rel}","templated":true}]}}