{"id":7870,"date":"2024-10-15T15:28:27","date_gmt":"2024-10-15T14:28:27","guid":{"rendered":"https:\/\/tourrel-joaillier.quatrys.fr\/?post_type=product&#038;p=7870"},"modified":"2025-08-08T16:23:39","modified_gmt":"2025-08-08T15:23:39","slug":"bague-diamant-art-deco","status":"publish","type":"product","link":"https:\/\/tourrel-joaillier.fr\/en\/produit\/bague-diamant-art-deco\/","title":{"rendered":"Bague &#8211; Diamant &#8211; Art D\u00e9co"},"content":{"rendered":"<p>Bague diamants r\u00e9f 938<\/p>\n<p>Avis du joaillier : \u00a0Effet dentelle au centre , \u00e0 la fois pr\u00e9sente et l\u00e9g\u00e8re sur le doigt .<\/p>\n<p>&nbsp;<\/p>\n","protected":false},"excerpt":{"rendered":"<p>Bague diamants r\u00e9f 938<\/p>\n","protected":false},"featured_media":7871,"comment_status":"open","ping_status":"closed","template":"","meta":[],"product_brand":[],"product_cat":[127,126],"product_tag":[],"class_list":{"0":"post-7870","1":"product","2":"type-product","3":"status-publish","4":"has-post-thumbnail","6":"product_cat-bagues","7":"product_cat-diamants-bague","9":"first","10":"instock","11":"taxable","12":"shipping-taxable","13":"purchasable","14":"product-type-simple"},"yoast_head":"<!-- This site is optimized with the Yoast SEO plugin v27.3 - https:\/\/yoast.com\/product\/yoast-seo-wordpress\/ -->\n<title>Bague - Diamant - Art D\u00e9co | Tourrel Joaillier<\/title>\n<meta name=\"robots\" content=\"index, follow, max-snippet:-1, max-image-preview:large, max-video-preview:-1\" \/>\n<link rel=\"canonical\" href=\"https:\/\/tourrel-joaillier.fr\/en\/produit\/bague-diamant-art-deco\/\" \/>\n<meta property=\"og:locale\" content=\"en_US\" \/>\n<meta property=\"og:type\" content=\"article\" \/>\n<meta property=\"og:title\" content=\"Bague - Diamant - Art D\u00e9co | Tourrel Joaillier\" \/>\n<meta property=\"og:description\" content=\"Bague diamants r\u00e9f 938\" \/>\n<meta property=\"og:url\" content=\"https:\/\/tourrel-joaillier.fr\/en\/produit\/bague-diamant-art-deco\/\" \/>\n<meta property=\"og:site_name\" content=\"Tourrel Joaillier\" \/>\n<meta property=\"article:modified_time\" content=\"2025-08-08T15:23:39+00:00\" \/>\n<meta property=\"og:image\" content=\"https:\/\/tourrel-joaillier.fr\/wp-content\/uploads\/2024\/10\/IMG_3149-scaled.jpeg\" \/>\n\t<meta property=\"og:image:width\" content=\"2560\" \/>\n\t<meta property=\"og:image:height\" content=\"2414\" \/>\n\t<meta property=\"og:image:type\" content=\"image\/jpeg\" \/>\n<meta name=\"twitter:card\" content=\"summary_large_image\" \/>\n<meta name=\"twitter:label1\" content=\"Est. reading time\" \/>\n\t<meta name=\"twitter:data1\" content=\"1 minute\" \/>\n<script type=\"application\/ld+json\" class=\"yoast-schema-graph\">{\"@context\":\"https:\\\/\\\/schema.org\",\"@graph\":[{\"@type\":\"WebPage\",\"@id\":\"https:\\\/\\\/tourrel-joaillier.fr\\\/en\\\/produit\\\/bague-diamant-art-deco\\\/\",\"url\":\"https:\\\/\\\/tourrel-joaillier.fr\\\/en\\\/produit\\\/bague-diamant-art-deco\\\/\",\"name\":\"Bague - Diamant - Art D\u00e9co | Tourrel Joaillier\",\"isPartOf\":{\"@id\":\"https:\\\/\\\/tourrel-joaillier.fr\\\/en\\\/#website\"},\"primaryImageOfPage\":{\"@id\":\"https:\\\/\\\/tourrel-joaillier.fr\\\/en\\\/produit\\\/bague-diamant-art-deco\\\/#primaryimage\"},\"image\":{\"@id\":\"https:\\\/\\\/tourrel-joaillier.fr\\\/en\\\/produit\\\/bague-diamant-art-deco\\\/#primaryimage\"},\"thumbnailUrl\":\"https:\\\/\\\/tourrel-joaillier.fr\\\/wp-content\\\/uploads\\\/2024\\\/10\\\/IMG_3149-scaled.jpeg\",\"datePublished\":\"2024-10-15T14:28:27+00:00\",\"dateModified\":\"2025-08-08T15:23:39+00:00\",\"breadcrumb\":{\"@id\":\"https:\\\/\\\/tourrel-joaillier.fr\\\/en\\\/produit\\\/bague-diamant-art-deco\\\/#breadcrumb\"},\"inLanguage\":\"en-US\",\"potentialAction\":[{\"@type\":\"ReadAction\",\"target\":[\"https:\\\/\\\/tourrel-joaillier.fr\\\/en\\\/produit\\\/bague-diamant-art-deco\\\/\"]}]},{\"@type\":\"ImageObject\",\"inLanguage\":\"en-US\",\"@id\":\"https:\\\/\\\/tourrel-joaillier.fr\\\/en\\\/produit\\\/bague-diamant-art-deco\\\/#primaryimage\",\"url\":\"https:\\\/\\\/tourrel-joaillier.fr\\\/wp-content\\\/uploads\\\/2024\\\/10\\\/IMG_3149-scaled.jpeg\",\"contentUrl\":\"https:\\\/\\\/tourrel-joaillier.fr\\\/wp-content\\\/uploads\\\/2024\\\/10\\\/IMG_3149-scaled.jpeg\",\"width\":2560,\"height\":2414},{\"@type\":\"BreadcrumbList\",\"@id\":\"https:\\\/\\\/tourrel-joaillier.fr\\\/en\\\/produit\\\/bague-diamant-art-deco\\\/#breadcrumb\",\"itemListElement\":[{\"@type\":\"ListItem\",\"position\":1,\"name\":\"Accueil\",\"item\":\"https:\\\/\\\/tourrel-joaillier.fr\\\/en\\\/\"},{\"@type\":\"ListItem\",\"position\":2,\"name\":\"Shop\",\"item\":\"https:\\\/\\\/tourrel-joaillier.fr\\\/en\\\/shop-2\\\/\"},{\"@type\":\"ListItem\",\"position\":3,\"name\":\"Bague &#8211; Diamant &#8211; Art D\u00e9co\"}]},{\"@type\":\"WebSite\",\"@id\":\"https:\\\/\\\/tourrel-joaillier.fr\\\/en\\\/#website\",\"url\":\"https:\\\/\\\/tourrel-joaillier.fr\\\/en\\\/\",\"name\":\"Tourrel Joaillier\",\"description\":\"\",\"potentialAction\":[{\"@type\":\"SearchAction\",\"target\":{\"@type\":\"EntryPoint\",\"urlTemplate\":\"https:\\\/\\\/tourrel-joaillier.fr\\\/en\\\/?s={search_term_string}\"},\"query-input\":{\"@type\":\"PropertyValueSpecification\",\"valueRequired\":true,\"valueName\":\"search_term_string\"}}],\"inLanguage\":\"en-US\"}]}<\/script>\n<!-- \/ Yoast SEO plugin. -->","yoast_head_json":{"title":"Bague - Diamant - Art D\u00e9co | Tourrel Joaillier","robots":{"index":"index","follow":"follow","max-snippet":"max-snippet:-1","max-image-preview":"max-image-preview:large","max-video-preview":"max-video-preview:-1"},"canonical":"https:\/\/tourrel-joaillier.fr\/en\/produit\/bague-diamant-art-deco\/","og_locale":"en_US","og_type":"article","og_title":"Bague - Diamant - Art D\u00e9co | Tourrel Joaillier","og_description":"Bague diamants r\u00e9f 938","og_url":"https:\/\/tourrel-joaillier.fr\/en\/produit\/bague-diamant-art-deco\/","og_site_name":"Tourrel Joaillier","article_modified_time":"2025-08-08T15:23:39+00:00","og_image":[{"width":2560,"height":2414,"url":"https:\/\/tourrel-joaillier.fr\/wp-content\/uploads\/2024\/10\/IMG_3149-scaled.jpeg","type":"image\/jpeg"}],"twitter_card":"summary_large_image","twitter_misc":{"Est. reading time":"1 minute"},"schema":{"@context":"https:\/\/schema.org","@graph":[{"@type":"WebPage","@id":"https:\/\/tourrel-joaillier.fr\/en\/produit\/bague-diamant-art-deco\/","url":"https:\/\/tourrel-joaillier.fr\/en\/produit\/bague-diamant-art-deco\/","name":"Bague - Diamant - Art D\u00e9co | Tourrel Joaillier","isPartOf":{"@id":"https:\/\/tourrel-joaillier.fr\/en\/#website"},"primaryImageOfPage":{"@id":"https:\/\/tourrel-joaillier.fr\/en\/produit\/bague-diamant-art-deco\/#primaryimage"},"image":{"@id":"https:\/\/tourrel-joaillier.fr\/en\/produit\/bague-diamant-art-deco\/#primaryimage"},"thumbnailUrl":"https:\/\/tourrel-joaillier.fr\/wp-content\/uploads\/2024\/10\/IMG_3149-scaled.jpeg","datePublished":"2024-10-15T14:28:27+00:00","dateModified":"2025-08-08T15:23:39+00:00","breadcrumb":{"@id":"https:\/\/tourrel-joaillier.fr\/en\/produit\/bague-diamant-art-deco\/#breadcrumb"},"inLanguage":"en-US","potentialAction":[{"@type":"ReadAction","target":["https:\/\/tourrel-joaillier.fr\/en\/produit\/bague-diamant-art-deco\/"]}]},{"@type":"ImageObject","inLanguage":"en-US","@id":"https:\/\/tourrel-joaillier.fr\/en\/produit\/bague-diamant-art-deco\/#primaryimage","url":"https:\/\/tourrel-joaillier.fr\/wp-content\/uploads\/2024\/10\/IMG_3149-scaled.jpeg","contentUrl":"https:\/\/tourrel-joaillier.fr\/wp-content\/uploads\/2024\/10\/IMG_3149-scaled.jpeg","width":2560,"height":2414},{"@type":"BreadcrumbList","@id":"https:\/\/tourrel-joaillier.fr\/en\/produit\/bague-diamant-art-deco\/#breadcrumb","itemListElement":[{"@type":"ListItem","position":1,"name":"Accueil","item":"https:\/\/tourrel-joaillier.fr\/en\/"},{"@type":"ListItem","position":2,"name":"Shop","item":"https:\/\/tourrel-joaillier.fr\/en\/shop-2\/"},{"@type":"ListItem","position":3,"name":"Bague &#8211; Diamant &#8211; Art D\u00e9co"}]},{"@type":"WebSite","@id":"https:\/\/tourrel-joaillier.fr\/en\/#website","url":"https:\/\/tourrel-joaillier.fr\/en\/","name":"Tourrel Joaillier","description":"","potentialAction":[{"@type":"SearchAction","target":{"@type":"EntryPoint","urlTemplate":"https:\/\/tourrel-joaillier.fr\/en\/?s={search_term_string}"},"query-input":{"@type":"PropertyValueSpecification","valueRequired":true,"valueName":"search_term_string"}}],"inLanguage":"en-US"}]}},"_links":{"self":[{"href":"https:\/\/tourrel-joaillier.fr\/en\/wp-json\/wp\/v2\/product\/7870","targetHints":{"allow":["GET"]}}],"collection":[{"href":"https:\/\/tourrel-joaillier.fr\/en\/wp-json\/wp\/v2\/product"}],"about":[{"href":"https:\/\/tourrel-joaillier.fr\/en\/wp-json\/wp\/v2\/types\/product"}],"replies":[{"embeddable":true,"href":"https:\/\/tourrel-joaillier.fr\/en\/wp-json\/wp\/v2\/comments?post=7870"}],"wp:featuredmedia":[{"embeddable":true,"href":"https:\/\/tourrel-joaillier.fr\/en\/wp-json\/wp\/v2\/media\/7871"}],"wp:attachment":[{"href":"https:\/\/tourrel-joaillier.fr\/en\/wp-json\/wp\/v2\/media?parent=7870"}],"wp:term":[{"taxonomy":"product_brand","embeddable":true,"href":"https:\/\/tourrel-joaillier.fr\/en\/wp-json\/wp\/v2\/product_brand?post=7870"},{"taxonomy":"product_cat","embeddable":true,"href":"https:\/\/tourrel-joaillier.fr\/en\/wp-json\/wp\/v2\/product_cat?post=7870"},{"taxonomy":"product_tag","embeddable":true,"href":"https:\/\/tourrel-joaillier.fr\/en\/wp-json\/wp\/v2\/product_tag?post=7870"}],"curies":[{"name":"wp","href":"https:\/\/api.w.org\/{rel}","templated":true}]}}